{"id":266,"date":"2019-09-01T22:43:33","date_gmt":"2019-09-01T20:43:33","guid":{"rendered":"https:\/\/blog.made-nature.com\/op\/?page_id=266"},"modified":"2020-07-09T13:22:05","modified_gmt":"2020-07-09T11:22:05","slug":"vos-vetements-de-sport-quels-criteres-pour-un-choix-eco-responsables-livre-blanc","status":"publish","type":"page","link":"https:\/\/blog.made-nature.com\/op\/vos-vetements-de-sport-quels-criteres-pour-un-choix-eco-responsables-livre-blanc\/","title":{"rendered":"Vos v\u00eatements de sport : quels crit\u00e8res pour un choix \u00e9coresponsable ?"},"content":{"rendered":"","protected":false},"excerpt":{"rendered":"","protected":false},"author":1,"featured_media":0,"parent":0,"menu_order":0,"comment_status":"closed","ping_status":"closed","template":"","meta":[],"_links":{"self":[{"href":"https:\/\/blog.made-nature.com\/op\/wp-json\/wp\/v2\/pages\/266"}],"collection":[{"href":"https:\/\/blog.made-nature.com\/op\/wp-json\/wp\/v2\/pages"}],"about":[{"href":"https:\/\/blog.made-nature.com\/op\/wp-json\/wp\/v2\/types\/page"}],"author":[{"embeddable":true,"href":"https:\/\/blog.made-nature.com\/op\/wp-json\/wp\/v2\/users\/1"}],"replies":[{"embeddable":true,"href":"https:\/\/blog.made-nature.com\/op\/wp-json\/wp\/v2\/comments?post=266"}],"version-history":[{"count":172,"href":"https:\/\/blog.made-nature.com\/op\/wp-json\/wp\/v2\/pages\/266\/revisions"}],"predecessor-version":[{"id":510,"href":"https:\/\/blog.made-nature.com\/op\/wp-json\/wp\/v2\/pages\/266\/revisions\/510"}],"wp:attachment":[{"href":"https:\/\/blog.made-nature.com\/op\/wp-json\/wp\/v2\/media?parent=266"}],"curies":[{"name":"wp","href":"https:\/\/api.w.org\/{rel}","templated":true}]}}